{"id":900182,"date":"2020-02-12T08:51:30","date_gmt":"2020-02-12T07:51:30","guid":{"rendered":"https:\/\/ak-sunpower.dk\/home-page\/"},"modified":"2024-05-19T13:33:56","modified_gmt":"2024-05-19T11:33:56","slug":"home-page","status":"publish","type":"page","link":"https:\/\/ak-sunpower.dk\/en\/","title":{"rendered":"Home page"},"content":{"rendered":"<section class=\"wpb-content-wrapper\"><p>[vc_row full_width=&#8221;stretch_row&#8221;][vc_column]<div class=\"ult-spacer spacer-69f5702725178\" data-id=\"69f5702725178\" data-height=\"90\" data-height-mobile=\"60\" data-height-tab=\"90\" data-height-tab-portrait=\"60\" data-height-mobile-landscape=\"60\" style=\"clear:both;display:block;\"><\/div>[vc_column_text]<\/p>\n<h1>Multiflexible and portable solar PV for commercial, industrial and public institutions: Sustainable energy for your project<\/h1>\n<p>[\/vc_column_text][vc_empty_space height=&#8221;30px&#8221;][vc_separator color=&#8221;custom&#8221; border_width=&#8221;2&#8243; accent_color=&#8221;#f7f7f7&#8243;][vc_empty_space height=&#8221;30px&#8221;][\/vc_column][\/vc_row][vc_row full_width=&#8221;stretch_row&#8221; el_class=&#8221;overlay&#8221;][vc_column][vc_row_inner el_class=&#8221;overlay&#8221;][vc_column_inner width=&#8221;1\/3&#8243;]<div class=\"ult-new-ib ult-ib-effect-style2 overlay ult-ib-resp ult-ib2-min-height \" data-min-width=\"768\" data-max-width=\"900\" style=\"background:#fba71a; opacity:0; \" data-opacity=\"0.8\" data-hover-opacity=\"0.6\"  data-min-height=\"300\" ><img decoding=\"async\" class=\"ult-new-ib-img\" style=\"opacity:0.8;\" alt=\"null\" src=\"https:\/\/ak-sunpower.dk\/wp-content\/uploads\/2023\/05\/sunpower.jpg\"  data-min-height=\"300\"   \/><div id=\"interactive-banner-wrap-5254\" class=\"ult-new-ib-desc\" style=\"\"><h3 class=\"ult-new-ib-title ult-responsive\"  data-ultimate-target='#interactive-banner-wrap-5254 .ult-new-ib-title'  data-responsive-json-new='{\"font-size\":\"desktop:26px;tablet:26px;tablet_portrait:22px;mobile_landscape:26px;mobile:22px;\",\"line-height\":\"\"}'  style=\"font-weight:normal;color:#ffffff;\">What\u2019s new<\/h3><div class=\"ult-new-ib-content ult-responsive\"  data-ultimate-target='#interactive-banner-wrap-5254 .ult-new-ib-content'  data-responsive-json-new='{\"font-size\":\"desktop:16px;\",\"line-height\":\"\"}'  style=\"font-weight:200;color:#ffffff;\"><p>Read more here<\/p><\/div><\/div><a class=\"ult-new-ib-link\" href=\"\/en\/whats-new\/\" title=\"Read more\"  ><\/a><\/div><div class=\"ult-spacer spacer-69f5702725478\" data-id=\"69f5702725478\" data-height=\"0\" data-height-mobile=\"30\" data-height-tab=\"0\" data-height-tab-portrait=\"0\" data-height-mobile-landscape=\"30\" style=\"clear:both;display:block;\"><\/div>[\/vc_column_inner][vc_column_inner width=&#8221;1\/3&#8243;]<div class=\"ult-new-ib ult-ib-effect-style2 overlay ult-ib-resp ult-ib2-min-height \" data-min-width=\"768\" data-max-width=\"900\" style=\"background:#fba71a; opacity:0; \" data-opacity=\"0.5\" data-hover-opacity=\"0.2\"  data-min-height=\"300\" ><img decoding=\"async\" class=\"ult-new-ib-img\" style=\"opacity:0.5;\" alt=\"null\" src=\"https:\/\/ak-sunpower.dk\/wp-content\/uploads\/2023\/06\/skaermbillede-2023-06-02-081346.jpg\"  data-min-height=\"300\"   \/><div id=\"interactive-banner-wrap-1756\" class=\"ult-new-ib-desc\" style=\"\"><h3 class=\"ult-new-ib-title ult-responsive\"  data-ultimate-target='#interactive-banner-wrap-1756 .ult-new-ib-title'  data-responsive-json-new='{\"font-size\":\"desktop:26px;tablet:26px;tablet_portrait:22px;mobile_landscape:26px;mobile:22px;\",\"line-height\":\"\"}'  style=\"font-weight:normal;color:#ffffff;\">Video<\/h3><div class=\"ult-new-ib-content ult-responsive\"  data-ultimate-target='#interactive-banner-wrap-1756 .ult-new-ib-content'  data-responsive-json-new='{\"font-size\":\"desktop:16px;\",\"line-height\":\"\"}'  style=\"font-weight:200;color:#ffffff;\"><p>Read more here<\/p><\/div><\/div><a class=\"ult-new-ib-link\" href=\"\/en\/video\/\" title=\"Read more\"  ><\/a><\/div><div class=\"ult-spacer spacer-69f57027256a7\" data-id=\"69f57027256a7\" data-height=\"0\" data-height-mobile=\"30\" data-height-tab=\"0\" data-height-tab-portrait=\"0\" data-height-mobile-landscape=\"30\" style=\"clear:both;display:block;\"><\/div>[\/vc_column_inner][vc_column_inner width=&#8221;1\/3&#8243;]<div class=\"ult-new-ib ult-ib-effect-style2 overlay ult-ib-resp ult-ib2-min-height \" data-min-width=\"768\" data-max-width=\"900\" style=\"background:#fba71a; opacity:0; \" data-opacity=\"0.5\" data-hover-opacity=\"0.2\"  data-min-height=\"300\" ><img decoding=\"async\" class=\"ult-new-ib-img\" style=\"opacity:0.5;\" alt=\"null\" src=\"https:\/\/ak-sunpower.dk\/wp-content\/uploads\/2023\/05\/sunpower-20-scaled.jpg\"  data-min-height=\"300\"   \/><div id=\"interactive-banner-wrap-6701\" class=\"ult-new-ib-desc\" style=\"\"><h3 class=\"ult-new-ib-title ult-responsive\"  data-ultimate-target='#interactive-banner-wrap-6701 .ult-new-ib-title'  data-responsive-json-new='{\"font-size\":\"desktop:26px;tablet:26px;tablet_portrait:22px;mobile_landscape:26px;mobile:22px;\",\"line-height\":\"\"}'  style=\"font-weight:normal;color:#ffffff;\">Facts and figures<\/h3><div class=\"ult-new-ib-content ult-responsive\"  data-ultimate-target='#interactive-banner-wrap-6701 .ult-new-ib-content'  data-responsive-json-new='{\"font-size\":\"desktop:16px;\",\"line-height\":\"\"}'  style=\"font-weight:200;color:#ffffff;\"><p>Read more here<\/p><\/div><\/div><a class=\"ult-new-ib-link\" href=\"\/en\/facts-and-figures\/\" title=\"Read more\"  ><\/a><\/div>[\/vc_column_inner][\/vc_row_inner]<div class=\"ult-spacer spacer-69f570272588d\" data-id=\"69f570272588d\" data-height=\"90\" data-height-mobile=\"60\" data-height-tab=\"90\" data-height-tab-portrait=\"60\" data-height-mobile-landscape=\"60\" style=\"clear:both;display:block;\"><\/div>[\/vc_column][\/vc_row][vc_row full_width=&#8221;stretch_row&#8221; el_class=&#8221;overlay&#8221; css=&#8221;.vc_custom_1701352015481{background-color: #f7f7f7 !important;background-position: center !important;background-repeat: no-repeat !important;background-size: cover !important;}&#8221;][vc_column]<div class=\"ult-spacer spacer-69f57027258a3\" data-id=\"69f57027258a3\" data-height=\"70\" data-height-mobile=\"50\" data-height-tab=\"70\" data-height-tab-portrait=\"50\" data-height-mobile-landscape=\"50\" style=\"clear:both;display:block;\"><\/div>[vc_column_text]<\/p>\n<h2 style=\"text-align: center;\">Latest news<\/h2>\n<p>[\/vc_column_text][vc_empty_space height=&#8221;40px&#8221;][vc_basic_grid post_type=&#8221;page&#8221; max_items=&#8221;4&#8243; element_width=&#8221;3&#8243; item=&#8221;900098&#8243; grid_id=&#8221;vc_gid:1716118168932-925034eb-5ce6-5&#8243; taxonomies=&#8221;34&#8243;][vc_empty_space height=&#8221;30px&#8221;][\/vc_column][\/vc_row][vc_row full_width=&#8221;stretch_row&#8221; css=&#8221;.vc_custom_1684319678944{background-color: #f7f7f7 !important;}&#8221;][vc_column]<div class=\"ult-spacer spacer-69f57027258b7\" data-id=\"69f57027258b7\" data-height=\"90\" data-height-mobile=\"60\" data-height-tab=\"90\" data-height-tab-portrait=\"60\" data-height-mobile-landscape=\"60\" style=\"clear:both;display:block;\"><\/div>[vc_media_grid element_width=&#8221;3&#8243; gap=&#8221;15&#8243; item=&#8221;1774&#8243; grid_id=&#8221;vc_gid:1716118168933-bcf7a699-3e15-6&#8243; include=&#8221;4495,4498,4497,4496&#8243;]<div class=\"ult-spacer spacer-69f57027258c8\" data-id=\"69f57027258c8\" data-height=\"90\" data-height-mobile=\"60\" data-height-tab=\"90\" data-height-tab-portrait=\"60\" data-height-mobile-landscape=\"60\" style=\"clear:both;display:block;\"><\/div>[\/vc_column][\/vc_row][vc_row full_width=&#8221;stretch_row&#8221; el_class=&#8221;white&#8221; css=&#8221;.vc_custom_1684924448373{background-color: #fba71a !important;}&#8221;][vc_column]<div class=\"ult-spacer spacer-69f57027258da\" data-id=\"69f57027258da\" data-height=\"90\" data-height-mobile=\"60\" data-height-tab=\"90\" data-height-tab-portrait=\"60\" data-height-mobile-landscape=\"60\" style=\"clear:both;display:block;\"><\/div>[vc_column_text]<\/p>\n<p style=\"text-align: center;\">#KLIMA #b\u00e6redygtig #MILJ\u00d8 #KLIMAREGNSKAB #energi #SOLCELLER #flytbart #SOLENERGI #Str\u00f8m #B\u00c6REDYGTIGHED #solarpower #KLIMAVENLIG # Gr\u00f8nomstilling #ENERGIFORSYNING #elektriker #INSTALLAT\u00d8R #multifleksibel #MOBILT #INSTALLAT\u00d8R<\/p>\n<p>[\/vc_column_text]<div class=\"ult-spacer spacer-69f57027258eb\" data-id=\"69f57027258eb\" data-height=\"90\" data-height-mobile=\"60\" data-height-tab=\"90\" data-height-tab-portrait=\"60\" data-height-mobile-landscape=\"60\" style=\"clear:both;display:block;\"><\/div>[\/vc_column][\/vc_row][vc_row full_width=&#8221;stretch_row&#8221; el_class=&#8221;overlay parallax overflow-row&#8221; css=&#8221;.vc_custom_1684315307617{background-image: url(https:\/\/ak-sunpower.dk\/wp-content\/uploads\/2023\/05\/istock-1280620627.jpg?id=4473) !important;background-position: center !important;background-repeat: no-repeat !important;background-size: cover !important;}&#8221;][vc_column]<div class=\"ult-spacer spacer-69f57027258fb\" data-id=\"69f57027258fb\" data-height=\"90\" data-height-mobile=\"60\" data-height-tab=\"90\" data-height-tab-portrait=\"60\" data-height-mobile-landscape=\"60\" style=\"clear:both;display:block;\"><\/div>[vc_row_inner css=&#8221;.vc_custom_1682518429141{margin-right: 0px !important;margin-left: 0px !important;}&#8221;][vc_column_inner el_class=&#8221;overflow-box-footer&#8221;][vc_empty_space height=&#8221;60px&#8221;][vc_column_text]<\/p>\n<h3 style=\"text-align: center;\">Contact AK-sunpower<\/h3>\n<h4 style=\"text-align: center;\">Do you have any questions? Contact us and let&#8217;s have a no-obligation chat<\/h4>\n<p style=\"text-align: center;\">We&#8217;re here to answer any questions you may have that are not answered on this website. So don&#8217;t hesitate to call or write to us. We&#8217;re happy to have a no-obligation chat with you about your plans.<\/p>\n<p>[\/vc_column_text][vc_empty_space height=&#8221;15px&#8221;][vc_btn title=&#8221;Contact us here&#8221; style=&#8221;custom&#8221; custom_background=&#8221;#fc5623&#8243; custom_text=&#8221;#ffffff&#8221; shape=&#8221;square&#8221; link=&#8221;url:%2Fen%2Fcontact-us%2F|title:Contact&#8221;][vc_btn title=&#8221;See our references&#8221; style=&#8221;outline-custom&#8221; outline_custom_color=&#8221;#666666&#8243; outline_custom_hover_background=&#8221;#666666&#8243; outline_custom_hover_text=&#8221;#ffffff&#8221; shape=&#8221;square&#8221; link=&#8221;url:%2Fen%2Fwhats-new%2F|title:What&#8217;s%20new&#8221;][vc_empty_space height=&#8221;30&#8243;][vc_column_text]<\/p>\n<p style=\"text-align: center;\"><span style=\"text-decoration: underline;\"><a href=\"tel:82820003\">(+45) 82 82 00 03<\/a><\/span><\/p>\n<p>[\/vc_column_text][vc_empty_space height=&#8221;60px&#8221;][\/vc_column_inner][\/vc_row_inner][\/vc_column][\/vc_row][vc_row full_width=&#8221;stretch_row&#8221; css=&#8221;.vc_custom_1617969258850{background-image: url(https:\/\/ak-sunpower.dk\/wp-content\/uploads\/2020\/02\/placeholder.jpg?id=79) !important;background-position: center !important;background-repeat: no-repeat !important;background-size: cover !important;}&#8221;][vc_column offset=&#8221;vc_hidden-lg vc_hidden-md vc_hidden-sm vc_hidden-xs&#8221;]<div class=\"ult-spacer spacer-69f570272590b\" data-id=\"69f570272590b\" data-height=\"90\" data-height-mobile=\"60\" data-height-tab=\"90\" data-height-tab-portrait=\"60\" data-height-mobile-landscape=\"60\" style=\"clear:both;display:block;\"><\/div>[vc_row_inner][vc_column_inner width=&#8221;1\/4&#8243;][\/vc_column_inner][vc_column_inner width=&#8221;1\/2&#8243; css=&#8221;.vc_custom_1580212899553{padding-top: 40px !important;padding-right: 40px !important;padding-bottom: 40px !important;padding-left: 40px !important;background-color: rgba(255,255,255,0.85) !important;*background-color: rgb(255,255,255) !important;}&#8221;][vc_column_text]<\/p>\n<h3 style=\"text-align: center;\">Lorem ipsum<\/h3>\n<p style=\"text-align: center;\">Lorem ipsum dolor sit amet, consectetur adipiscing elit. Sed aliquet tincidunt purus ut malesuada.<\/p>\n<p>[\/vc_column_text][vc_empty_space height=&#8221;30px&#8221;][vc_btn title=&#8221;Want to read more?&#8221; style=&#8221;custom&#8221; custom_background=&#8221;#fc5623&#8243; custom_text=&#8221;#ffffff&#8221; shape=&#8221;square&#8221; size=&#8221;sm&#8221; align=&#8221;center&#8221;][\/vc_column_inner][vc_column_inner width=&#8221;1\/4&#8243;][\/vc_column_inner][\/vc_row_inner]<div class=\"ult-spacer spacer-69f570272591b\" data-id=\"69f570272591b\" data-height=\"90\" data-height-mobile=\"60\" data-height-tab=\"90\" data-height-tab-portrait=\"60\" data-height-mobile-landscape=\"60\" style=\"clear:both;display:block;\"><\/div>[\/vc_column][\/vc_row]<\/p>\n<\/section>","protected":false},"excerpt":{"rendered":"<p>[vc_row full_width=&#8221;stretch_row&#8221;][vc_column][vc_column_text] Multiflexible and portable solar PV for commercial, industrial and public institutions: Sustainable energy for your project [\/vc_column_text][vc_empty_space height=&#8221;30px&#8221;][vc_separator color=&#8221;custom&#8221; border_width=&#8221;2&#8243; accent_color=&#8221;#f7f7f7&#8243;][vc_empty_space height=&#8221;30px&#8221;][\/vc_column][\/vc_row][vc_row full_width=&#8221;stretch_row&#8221; el_class=&#8221;overlay&#8221;][vc_column][vc_row_inner el_class=&#8221;overlay&#8221;][vc_column_inner width=&#8221;1\/3&#8243;][\/vc_column_inner][vc_column_inner width=&#8221;1\/3&#8243;][\/vc_column_inner][vc_column_inner width=&#8221;1\/3&#8243;][\/vc_column_inner][\/vc_row_inner][\/vc_column][\/vc_row][vc_row full_width=&#8221;stretch_row&#8221; el_class=&#8221;overlay&#8221; css=&#8221;.vc_custom_1701352015481{background-color: #f7f7f7 !important;background-position: center !important;background-repeat: no-repeat !important;background-size: cover !important;}&#8221;][vc_column][vc_column_text] Latest news [\/vc_column_text][vc_empty_space height=&#8221;40px&#8221;][vc_basic_grid post_type=&#8221;page&#8221; max_items=&#8221;4&#8243; element_width=&#8221;3&#8243; item=&#8221;900098&#8243; grid_id=&#8221;vc_gid:1716118168932-925034eb-5ce6-5&#8243; taxonomies=&#8221;34&#8243;][vc_empty_space height=&#8221;30px&#8221;][\/vc_column][\/vc_row][vc_row full_width=&#8221;stretch_row&#8221; css=&#8221;.vc_custom_1684319678944{background-color: #f7f7f7 &#8230; <a title=\"Home page\" class=\"read-more\" href=\"https:\/\/ak-sunpower.dk\/en\/\" aria-label=\"More on Home page\">Read more<\/a><\/p>\n","protected":false},"author":1,"featured_media":0,"parent":0,"menu_order":0,"comment_status":"closed","ping_status":"closed","template":"","meta":{"footnotes":""},"categories":[],"class_list":["post-900182","page","type-page","status-publish"],"acf":[],"yoast_head":"<!-- This site is optimized with the Yoast SEO plugin v27.5 - https:\/\/yoast.com\/product\/yoast-seo-wordpress\/ -->\n<title>Multifleksibel og flytbar solcelleanl\u00e6g til erhverv, industri og offentlige institutioner. B\u00e6redygtig energi til dit projekt &#183; AK-sunpower<\/title>\n<meta name=\"robots\" content=\"index, follow, max-snippet:-1, max-image-preview:large, max-video-preview:-1\" \/>\n<link rel=\"canonical\" href=\"https:\/\/ak-sunpower.dk\/en\/\" \/>\n<meta property=\"og:locale\" content=\"en_US\" \/>\n<meta property=\"og:type\" content=\"article\" \/>\n<meta property=\"og:title\" content=\"Multifleksibel og flytbar solcelleanl\u00e6g til erhverv, industri og offentlige institutioner. B\u00e6redygtig energi til dit projekt &#183; AK-sunpower\" \/>\n<meta property=\"og:description\" content=\"[vc_row full_width=&#8221;stretch_row&#8221;][vc_column][vc_column_text] Multiflexible and portable solar PV for commercial, industrial and public institutions: Sustainable energy for your project [\/vc_column_text][vc_empty_space height=&#8221;30px&#8221;][vc_separator color=&#8221;custom&#8221; border_width=&#8221;2&#8243; accent_color=&#8221;#f7f7f7&#8243;][vc_empty_space height=&#8221;30px&#8221;][\/vc_column][\/vc_row][vc_row full_width=&#8221;stretch_row&#8221; el_class=&#8221;overlay&#8221;][vc_column][vc_row_inner el_class=&#8221;overlay&#8221;][vc_column_inner width=&#8221;1\/3&#8243;][\/vc_column_inner][vc_column_inner width=&#8221;1\/3&#8243;][\/vc_column_inner][vc_column_inner width=&#8221;1\/3&#8243;][\/vc_column_inner][\/vc_row_inner][\/vc_column][\/vc_row][vc_row full_width=&#8221;stretch_row&#8221; el_class=&#8221;overlay&#8221; css=&#8221;.vc_custom_1701352015481{background-color: #f7f7f7 !important;background-position: center !important;background-repeat: no-repeat !important;background-size: cover !important;}&#8221;][vc_column][vc_column_text] Latest news [\/vc_column_text][vc_empty_space height=&#8221;40px&#8221;][vc_basic_grid post_type=&#8221;page&#8221; max_items=&#8221;4&#8243; element_width=&#8221;3&#8243; item=&#8221;900098&#8243; grid_id=&#8221;vc_gid:1716118168932-925034eb-5ce6-5&#8243; taxonomies=&#8221;34&#8243;][vc_empty_space height=&#8221;30px&#8221;][\/vc_column][\/vc_row][vc_row full_width=&#8221;stretch_row&#8221; css=&#8221;.vc_custom_1684319678944{background-color: #f7f7f7 ... Read more\" \/>\n<meta property=\"og:url\" content=\"https:\/\/ak-sunpower.dk\/en\/\" \/>\n<meta property=\"og:site_name\" content=\"AK-sunpower\" \/>\n<meta property=\"article:modified_time\" content=\"2024-05-19T11:33:56+00:00\" \/>\n<meta name=\"twitter:card\" content=\"summary_large_image\" \/>\n<meta name=\"twitter:label1\" content=\"Est. reading time\" \/>\n\t<meta name=\"twitter:data1\" content=\"3 minutes\" \/>\n<script type=\"application\/ld+json\" class=\"yoast-schema-graph\">{\"@context\":\"https:\\\/\\\/schema.org\",\"@graph\":[{\"@type\":\"WebPage\",\"@id\":\"https:\\\/\\\/ak-sunpower.dk\\\/en\\\/\",\"url\":\"https:\\\/\\\/ak-sunpower.dk\\\/en\\\/\",\"name\":\"Multifleksibel og flytbar solcelleanl\u00e6g til erhverv, industri og offentlige institutioner. B\u00e6redygtig energi til dit projekt &#183; AK-sunpower\",\"isPartOf\":{\"@id\":\"https:\\\/\\\/ak-sunpower.dk\\\/#website\"},\"datePublished\":\"2020-02-12T07:51:30+00:00\",\"dateModified\":\"2024-05-19T11:33:56+00:00\",\"breadcrumb\":{\"@id\":\"https:\\\/\\\/ak-sunpower.dk\\\/en\\\/#breadcrumb\"},\"inLanguage\":\"en-US\",\"potentialAction\":[{\"@type\":\"ReadAction\",\"target\":[\"https:\\\/\\\/ak-sunpower.dk\\\/en\\\/\"]}]},{\"@type\":\"BreadcrumbList\",\"@id\":\"https:\\\/\\\/ak-sunpower.dk\\\/en\\\/#breadcrumb\",\"itemListElement\":[{\"@type\":\"ListItem\",\"position\":1,\"name\":\"Hjem\",\"item\":\"https:\\\/\\\/ak-sunpower.dk\\\/en\\\/\"},{\"@type\":\"ListItem\",\"position\":2,\"name\":\"Home page\"}]},{\"@type\":\"WebSite\",\"@id\":\"https:\\\/\\\/ak-sunpower.dk\\\/#website\",\"url\":\"https:\\\/\\\/ak-sunpower.dk\\\/\",\"name\":\"AK-sunpower\",\"description\":\"Multifleksibel og flytbar solcelleanl\u00e6g til erhverv, industri og offentlige institutioner. B\u00e6redygtig energi til dit projekt\",\"publisher\":{\"@id\":\"https:\\\/\\\/ak-sunpower.dk\\\/#organization\"},\"potentialAction\":[{\"@type\":\"SearchAction\",\"target\":{\"@type\":\"EntryPoint\",\"urlTemplate\":\"https:\\\/\\\/ak-sunpower.dk\\\/?s={search_term_string}\"},\"query-input\":{\"@type\":\"PropertyValueSpecification\",\"valueRequired\":true,\"valueName\":\"search_term_string\"}}],\"inLanguage\":\"en-US\"},{\"@type\":\"Organization\",\"@id\":\"https:\\\/\\\/ak-sunpower.dk\\\/#organization\",\"name\":\"AK-sunpower\",\"url\":\"https:\\\/\\\/ak-sunpower.dk\\\/\",\"logo\":{\"@type\":\"ImageObject\",\"inLanguage\":\"en-US\",\"@id\":\"https:\\\/\\\/ak-sunpower.dk\\\/#\\\/schema\\\/logo\\\/image\\\/\",\"url\":\"https:\\\/\\\/ak-sunpower.dk\\\/wp-content\\\/uploads\\\/2023\\\/05\\\/asset-1.png\",\"contentUrl\":\"https:\\\/\\\/ak-sunpower.dk\\\/wp-content\\\/uploads\\\/2023\\\/05\\\/asset-1.png\",\"width\":314,\"height\":71,\"caption\":\"AK-sunpower\"},\"image\":{\"@id\":\"https:\\\/\\\/ak-sunpower.dk\\\/#\\\/schema\\\/logo\\\/image\\\/\"}}]}<\/script>\n<!-- \/ Yoast SEO plugin. -->","yoast_head_json":{"title":"Multifleksibel og flytbar solcelleanl\u00e6g til erhverv, industri og offentlige institutioner. B\u00e6redygtig energi til dit projekt &#183; AK-sunpower","robots":{"index":"index","follow":"follow","max-snippet":"max-snippet:-1","max-image-preview":"max-image-preview:large","max-video-preview":"max-video-preview:-1"},"canonical":"https:\/\/ak-sunpower.dk\/en\/","og_locale":"en_US","og_type":"article","og_title":"Multifleksibel og flytbar solcelleanl\u00e6g til erhverv, industri og offentlige institutioner. B\u00e6redygtig energi til dit projekt &#183; AK-sunpower","og_description":"[vc_row full_width=&#8221;stretch_row&#8221;][vc_column][vc_column_text] Multiflexible and portable solar PV for commercial, industrial and public institutions: Sustainable energy for your project [\/vc_column_text][vc_empty_space height=&#8221;30px&#8221;][vc_separator color=&#8221;custom&#8221; border_width=&#8221;2&#8243; accent_color=&#8221;#f7f7f7&#8243;][vc_empty_space height=&#8221;30px&#8221;][\/vc_column][\/vc_row][vc_row full_width=&#8221;stretch_row&#8221; el_class=&#8221;overlay&#8221;][vc_column][vc_row_inner el_class=&#8221;overlay&#8221;][vc_column_inner width=&#8221;1\/3&#8243;][\/vc_column_inner][vc_column_inner width=&#8221;1\/3&#8243;][\/vc_column_inner][vc_column_inner width=&#8221;1\/3&#8243;][\/vc_column_inner][\/vc_row_inner][\/vc_column][\/vc_row][vc_row full_width=&#8221;stretch_row&#8221; el_class=&#8221;overlay&#8221; css=&#8221;.vc_custom_1701352015481{background-color: #f7f7f7 !important;background-position: center !important;background-repeat: no-repeat !important;background-size: cover !important;}&#8221;][vc_column][vc_column_text] Latest news [\/vc_column_text][vc_empty_space height=&#8221;40px&#8221;][vc_basic_grid post_type=&#8221;page&#8221; max_items=&#8221;4&#8243; element_width=&#8221;3&#8243; item=&#8221;900098&#8243; grid_id=&#8221;vc_gid:1716118168932-925034eb-5ce6-5&#8243; taxonomies=&#8221;34&#8243;][vc_empty_space height=&#8221;30px&#8221;][\/vc_column][\/vc_row][vc_row full_width=&#8221;stretch_row&#8221; css=&#8221;.vc_custom_1684319678944{background-color: #f7f7f7 ... Read more","og_url":"https:\/\/ak-sunpower.dk\/en\/","og_site_name":"AK-sunpower","article_modified_time":"2024-05-19T11:33:56+00:00","twitter_card":"summary_large_image","twitter_misc":{"Est. reading time":"3 minutes"},"schema":{"@context":"https:\/\/schema.org","@graph":[{"@type":"WebPage","@id":"https:\/\/ak-sunpower.dk\/en\/","url":"https:\/\/ak-sunpower.dk\/en\/","name":"Multifleksibel og flytbar solcelleanl\u00e6g til erhverv, industri og offentlige institutioner. B\u00e6redygtig energi til dit projekt &#183; AK-sunpower","isPartOf":{"@id":"https:\/\/ak-sunpower.dk\/#website"},"datePublished":"2020-02-12T07:51:30+00:00","dateModified":"2024-05-19T11:33:56+00:00","breadcrumb":{"@id":"https:\/\/ak-sunpower.dk\/en\/#breadcrumb"},"inLanguage":"en-US","potentialAction":[{"@type":"ReadAction","target":["https:\/\/ak-sunpower.dk\/en\/"]}]},{"@type":"BreadcrumbList","@id":"https:\/\/ak-sunpower.dk\/en\/#breadcrumb","itemListElement":[{"@type":"ListItem","position":1,"name":"Hjem","item":"https:\/\/ak-sunpower.dk\/en\/"},{"@type":"ListItem","position":2,"name":"Home page"}]},{"@type":"WebSite","@id":"https:\/\/ak-sunpower.dk\/#website","url":"https:\/\/ak-sunpower.dk\/","name":"AK-sunpower","description":"Multifleksibel og flytbar solcelleanl\u00e6g til erhverv, industri og offentlige institutioner. B\u00e6redygtig energi til dit projekt","publisher":{"@id":"https:\/\/ak-sunpower.dk\/#organization"},"potentialAction":[{"@type":"SearchAction","target":{"@type":"EntryPoint","urlTemplate":"https:\/\/ak-sunpower.dk\/?s={search_term_string}"},"query-input":{"@type":"PropertyValueSpecification","valueRequired":true,"valueName":"search_term_string"}}],"inLanguage":"en-US"},{"@type":"Organization","@id":"https:\/\/ak-sunpower.dk\/#organization","name":"AK-sunpower","url":"https:\/\/ak-sunpower.dk\/","logo":{"@type":"ImageObject","inLanguage":"en-US","@id":"https:\/\/ak-sunpower.dk\/#\/schema\/logo\/image\/","url":"https:\/\/ak-sunpower.dk\/wp-content\/uploads\/2023\/05\/asset-1.png","contentUrl":"https:\/\/ak-sunpower.dk\/wp-content\/uploads\/2023\/05\/asset-1.png","width":314,"height":71,"caption":"AK-sunpower"},"image":{"@id":"https:\/\/ak-sunpower.dk\/#\/schema\/logo\/image\/"}}]}},"_links":{"self":[{"href":"https:\/\/ak-sunpower.dk\/en\/wp-json\/wp\/v2\/pages\/900182","targetHints":{"allow":["GET"]}}],"collection":[{"href":"https:\/\/ak-sunpower.dk\/en\/wp-json\/wp\/v2\/pages"}],"about":[{"href":"https:\/\/ak-sunpower.dk\/en\/wp-json\/wp\/v2\/types\/page"}],"author":[{"embeddable":true,"href":"https:\/\/ak-sunpower.dk\/en\/wp-json\/wp\/v2\/users\/1"}],"replies":[{"embeddable":true,"href":"https:\/\/ak-sunpower.dk\/en\/wp-json\/wp\/v2\/comments?post=900182"}],"version-history":[{"count":3,"href":"https:\/\/ak-sunpower.dk\/en\/wp-json\/wp\/v2\/pages\/900182\/revisions"}],"predecessor-version":[{"id":900192,"href":"https:\/\/ak-sunpower.dk\/en\/wp-json\/wp\/v2\/pages\/900182\/revisions\/900192"}],"wp:attachment":[{"href":"https:\/\/ak-sunpower.dk\/en\/wp-json\/wp\/v2\/media?parent=900182"}],"wp:term":[{"taxonomy":"category","embeddable":true,"href":"https:\/\/ak-sunpower.dk\/en\/wp-json\/wp\/v2\/categories?post=900182"}],"curies":[{"name":"wp","href":"https:\/\/api.w.org\/{rel}","templated":true}]}}